{"id":1012,"date":"2024-01-03T12:25:24","date_gmt":"2024-01-03T10:25:24","guid":{"rendered":"https:\/\/iisalmenhelluntaiseurakunta.fi\/?page_id=1012"},"modified":"2025-01-10T06:53:37","modified_gmt":"2025-01-10T04:53:37","slug":"meista","status":"publish","type":"page","link":"https:\/\/iisalmenhelluntaiseurakunta.fi\/index.php\/meista\/","title":{"rendered":"Keit\u00e4 olemme"},"content":{"rendered":"\n<div class=\"wp-block-uagb-container uagb-block-07933978 alignfull uagb-is-root-container\"><div class=\"uagb-container-inner-blocks-wrap\">\n<div class=\"wp-block-uagb-info-box uagb-block-425cc6b4 uagb-infobox__content-wrap  uagb-infobox-icon-above-title uagb-infobox-image-valign-top\"><div class=\"uagb-ifb-content\"><div class=\"uagb-ifb-title-wrap\"><h2 class=\"uagb-ifb-title\">Keit\u00e4 olemme?<\/h2><\/div><p class=\"uagb-ifb-desc\">Haluamme olla sinua varten, arjessasi mukana.<br>Iisalmen helluntaiseurakunta on kohtaamispaikka, jonne ovat kaikki tervetulleita! <br><\/p><\/div><\/div>\n<\/div><\/div>\n\n\n\n<div style=\"height:20px\" aria-hidden=\"true\" class=\"wp-block-spacer\"><\/div>\n\n\n\n<div class=\"wp-block-uagb-tabs uagb-block-f5a5dbca uagb-tabs__wrap uagb-tabs__hstyle3-desktop uagb-tabs__vstyle6-tablet uagb-tabs__stack1-mobile\" data-tab-active=\"0\"><ul class=\"uagb-tabs__panel uagb-tabs__align-center\" role=\"tablist\"><li class=\"uagb-tab uagb-tabs__active\" role=\"none\"><a href=\"#uagb-tabs__tab0\" class=\"uagb-tabs-list uagb-tabs__icon-position-left\" data-tab=\"0\" role=\"tab\"><span class=\"uagb-tabs__icon\"><svg width=\"18\" height=\"12\" viewBox=\"0 0 18 12\" xmlns=\"http:\/\/www.w3.org\/2000\/svg\"><path d=\"M0 0H18V2H0V0ZM0 5.00001H18V7.00001H0V5.00001ZM0 10H18V12H0V10Z\"><\/path><\/svg><\/span><div>Keit\u00e4 olemme<\/div><\/a><\/li><li class=\"uagb-tab \" role=\"none\"><a href=\"#uagb-tabs__tab1\" class=\"uagb-tabs-list uagb-tabs__icon-position-left\" data-tab=\"1\" role=\"tab\"><span class=\"uagb-tabs__icon\"><svg width=\"18\" height=\"12\" viewBox=\"0 0 18 12\" xmlns=\"http:\/\/www.w3.org\/2000\/svg\"><path d=\"M0 0H18V2H0V0ZM0 5.00001H18V7.00001H0V5.00001ZM0 10H18V12H0V10Z\"><\/path><\/svg><\/span><div>Uskon perusteita<\/div><\/a><\/li><\/ul><div class=\"uagb-tabs__body-wrap\">\n<div class=\"wp-block-uagb-tabs-child uagb-tabs__body-container uagb-inner-tab-0\" aria-labelledby=\"uagb-tabs__tab0\">\n<p><\/p>\n\n\n\n<p>Helluntaiher\u00e4tyksen toiminta alkoi Iisalmessa Kuopion Eelim seurakunnan 20 henkil\u00f6n rukouspiirin\u00e4. Iisalmen helluntaiseurakunta perustettiin 31.8.1934, ja sen j\u00e4senm\u00e4\u00e4r\u00e4 on t\u00e4ll\u00e4 hetkell\u00e4 n. 200 henke\u00e4. Nykyinen rukoushuone valmistui Karjalankadulla 1980.<\/p>\n\n\n\n<p>Iisalmen helluntaiseurakunta on ollut alusta asti l\u00e4hetysseurakunta, kannattamalla mm. 1970-80 -luvuilla Etiopian ja Thaimaan l\u00e4hetysty\u00f6t\u00e4. Iisalmen Siion yhdistys ry \/ Iisalmen helluntaiseurakunta tukee t\u00e4ll\u00e4 hetkell\u00e4 Global Mission Ministry ry l\u00e4hetysj\u00e4rjest\u00f6n toimintaa, jonka l\u00e4hetyspastorina toimii Charles Shaheen.<\/p>\n\n\n\n<p>Seurakuntamme t\u00e4ytti vuonna 2024 90 vuotta. Suomen itsen\u00e4isyysp\u00e4iv\u00e4n juhlateemana oli v. -23 \u201dAjat vaihtuvat\u201d. N\u00e4in on tapahtunut monella tasolla my\u00f6s seurakuntamme toimintakulttuurissa. Iisalmen helluntaiseurakunta haluaa toimia t\u00e4n\u00e4\u00e4n toisten kristillisten seurakuntien ja Iisalmen kaupungin yhteisty\u00f6kumppanina. Olemme jo tehneet yhteisty\u00f6t\u00e4 kaupungin varhaiskasvatuksen kanssa lapsi- ja nuorisoty\u00f6ntekij\u00e4mme kautta. Eri seurakuntien kanssa on tehty my\u00f6s naisten ty\u00f6t\u00e4 Yksi syd\u00e4n -tapahtumissa.<\/p>\n\n\n\n<p>Iisalmen helluntaiseurakunta tekee yhteisty\u00f6t\u00e4 my\u00f6s Savon helluntaiseurakuntien yhteisen kouluty\u00f6ntekij\u00e4 Marjut Lindholm-Holopaisen kautta. H\u00e4n kiert\u00e4\u00e4 maakunnassa seurakuntien yll\u00e4pit\u00e4m\u00e4n Hyv\u00e4 Savo ry:n kannatuksella, helluntaiseurakuntien tukemana. Iisalmen helluntaiseurakunta on tehnyt jo useita vuosia lapsi-\/nuorisoty\u00f6t\u00e4 yhdess\u00e4 Sonkaj\u00e4rven helluntaiseurakunnan kanssa.<\/p>\n\n\n\n<p>Olet l\u00e4mpim\u00e4sti tervetullut seurakuntamme tilaisuuksiin! Voit my\u00f6s seurata jumalanpalveluksiamme YouTube-kanavallamme &#8221;TOIVO TV Iisalmen helluntaisrk&#8221;. Lis\u00e4tietoa toiminnastamme saat t\u00e4lt\u00e4 internet-sivulta.<\/p>\n\n\n\n<p><strong>Seurakunnan puolesta pastori Teuvo Tikkanen<\/strong><\/p>\n<\/div>\n\n\n\n<div class=\"wp-block-uagb-tabs-child uagb-tabs__body-container uagb-inner-tab-1\" aria-labelledby=\"uagb-tabs__tab1\">\n<p>Uskomme kolmiyhteiseen Jumalaan: Is\u00e4\u00e4n, Poikaan ja Pyh\u00e4\u00e4n Henkeen.                                                                                                                          Uskomme perusta on Jeesuksen, Jumalan pojan, ihmiseksi tuleminen ja h\u00e4nen sovituskuolemansa ristill\u00e4 syntiemme t\u00e4hden.                            Kun ihminen k\u00e4\u00e4ntyy pois synneist\u00e4\u00e4n ja uskoo evankeliumin sanoman Jeesuksesta, h\u00e4n kokee uudesti syntymisen ylh\u00e4\u00e4lt\u00e4.             Helluntaiseurakunnassa t\u00e4t\u00e4 prosessia kutsutaan uskoon tulemiseksi. Jeesukseen uskovasta tulee my\u00f6s Jeesuksen opetuslapsi.                        Uuden testamentin mallin mukaisesti uskoon tullut kastetaan upotuskasteella, ja h\u00e4net siunataan t\u00e4m\u00e4n j\u00e4lkeen seurakunnan j\u00e4seneksi.<\/p>\n<\/div>\n<\/div><\/div>\n","protected":false},"excerpt":{"rendered":"","protected":false},"author":4,"featured_media":0,"parent":0,"menu_order":0,"comment_status":"closed","ping_status":"closed","template":"","meta":{"_uag_custom_page_level_css":"","site-sidebar-layout":"default","site-content-layout":"","ast-site-content-layout":"default","site-content-style":"default","site-sidebar-style":"default","ast-global-header-display":"","ast-banner-title-visibility":"","ast-main-header-display":"","ast-hfb-above-header-display":"","ast-hfb-below-header-display":"","ast-hfb-mobile-header-display":"","site-post-title":"","ast-breadcrumbs-content":"","ast-featured-img":"","footer-sml-layout":"","ast-disable-related-posts":"","theme-transparent-header-meta":"","adv-header-id-meta":"","stick-header-meta":"","header-above-stick-meta":"","header-main-stick-meta":"","header-below-stick-meta":"","astra-migrate-meta-layouts":"set","ast-page-background-enabled":"default","ast-page-background-meta":{"desktop":{"background-color":"","background-image":"","background-repeat":"repeat","background-position":"center center","background-size":"auto","background-attachment":"scroll","background-type":"","background-media":"","overlay-type":"","overlay-color":"","overlay-opacity":"","overlay-gradient":""},"tablet":{"background-color":"","background-image":"","background-repeat":"repeat","background-position":"center center","background-size":"auto","background-attachment":"scroll","background-type":"","background-media":"","overlay-type":"","overlay-color":"","overlay-opacity":"","overlay-gradient":""},"mobile":{"background-color":"","background-image":"","background-repeat":"repeat","background-position":"center center","background-size":"auto","background-attachment":"scroll","background-type":"","background-media":"","overlay-type":"","overlay-color":"","overlay-opacity":"","overlay-gradient":""}},"ast-content-background-meta":{"desktop":{"background-color":"var(--ast-global-color-5)","background-image":"","background-repeat":"repeat","background-position":"center center","background-size":"auto","background-attachment":"scroll","background-type":"","background-media":"","overlay-type":"","overlay-color":"","overlay-opacity":"","overlay-gradient":""},"tablet":{"background-color":"var(--ast-global-color-5)","background-image":"","background-repeat":"repeat","background-position":"center center","background-size":"auto","background-attachment":"scroll","background-type":"","background-media":"","overlay-type":"","overlay-color":"","overlay-opacity":"","overlay-gradient":""},"mobile":{"background-color":"var(--ast-global-color-5)","background-image":"","background-repeat":"repeat","background-position":"center center","background-size":"auto","background-attachment":"scroll","background-type":"","background-media":"","overlay-type":"","overlay-color":"","overlay-opacity":"","overlay-gradient":""}},"footnotes":""},"class_list":["post-1012","page","type-page","status-publish","hentry"],"uagb_featured_image_src":{"full":false,"thumbnail":false,"medium":false,"medium_large":false,"large":false,"1536x1536":false,"2048x2048":false},"uagb_author_info":{"display_name":"Yll\u00e4pito","author_link":"https:\/\/iisalmenhelluntaiseurakunta.fi\/index.php\/author\/ihsadmin\/"},"uagb_comment_info":0,"uagb_excerpt":null,"_links":{"self":[{"href":"https:\/\/iisalmenhelluntaiseurakunta.fi\/index.php\/wp-json\/wp\/v2\/pages\/1012","targetHints":{"allow":["GET"]}}],"collection":[{"href":"https:\/\/iisalmenhelluntaiseurakunta.fi\/index.php\/wp-json\/wp\/v2\/pages"}],"about":[{"href":"https:\/\/iisalmenhelluntaiseurakunta.fi\/index.php\/wp-json\/wp\/v2\/types\/page"}],"author":[{"embeddable":true,"href":"https:\/\/iisalmenhelluntaiseurakunta.fi\/index.php\/wp-json\/wp\/v2\/users\/4"}],"replies":[{"embeddable":true,"href":"https:\/\/iisalmenhelluntaiseurakunta.fi\/index.php\/wp-json\/wp\/v2\/comments?post=1012"}],"version-history":[{"count":24,"href":"https:\/\/iisalmenhelluntaiseurakunta.fi\/index.php\/wp-json\/wp\/v2\/pages\/1012\/revisions"}],"predecessor-version":[{"id":1731,"href":"https:\/\/iisalmenhelluntaiseurakunta.fi\/index.php\/wp-json\/wp\/v2\/pages\/1012\/revisions\/1731"}],"wp:attachment":[{"href":"https:\/\/iisalmenhelluntaiseurakunta.fi\/index.php\/wp-json\/wp\/v2\/media?parent=1012"}],"curies":[{"name":"wp","href":"https:\/\/api.w.org\/{rel}","templated":true}]}}