{"id":217,"date":"2020-05-12T03:43:03","date_gmt":"2020-05-12T03:43:03","guid":{"rendered":"https:\/\/iisalmenhelluntaiseurakunta.fi\/index.php\/home\/"},"modified":"2026-04-17T17:32:29","modified_gmt":"2026-04-17T14:32:29","slug":"home","status":"publish","type":"page","link":"https:\/\/iisalmenhelluntaiseurakunta.fi\/","title":{"rendered":"Home"},"content":{"rendered":"\n<div class=\"wp-block-uagb-container uagb-block-07933978 alignfull uagb-is-root-container\"><div class=\"uagb-container-inner-blocks-wrap\">\n<div class=\"wp-block-uagb-info-box uagb-block-425cc6b4 uagb-infobox__content-wrap  uagb-infobox-icon-above-title uagb-infobox-image-valign-top\"><div class=\"uagb-ifb-content\"><div class=\"uagb-ifb-title-wrap\"><h1 class=\"uagb-ifb-title\">Iisalmen helluntaiseurakunta <\/h1><\/div><p class=\"uagb-ifb-desc\">Olet l\u00e4mpim\u00e4sti tervetullut seurakuntaamme!<br> <br><br><\/p><\/div><\/div>\n\n\n\n<div class=\"wp-block-uagb-buttons uagb-buttons__outer-wrap uagb-btn__default-btn uagb-btn-tablet__default-btn uagb-btn-mobile__default-btn uagb-block-d1a4c53b\"><div class=\"uagb-buttons__wrap uagb-buttons-layout-wrap \">\n<div class=\"wp-block-uagb-buttons-child uagb-buttons__outer-wrap uagb-block-b49ff6e8 wp-block-button\"><div class=\"uagb-button__wrapper\"><a class=\"uagb-buttons-repeater wp-block-button__link\" aria-label=\"\" href=\"index.php\/meista\/\" rel=\"follow noopener\" target=\"_self\" role=\"button\"><div class=\"uagb-button__link\">Keit\u00e4 Olemme<\/div><\/a><\/div><\/div>\n\n\n\n<div class=\"wp-block-uagb-buttons-child uagb-buttons__outer-wrap uagb-block-34aa6fc1 wp-block-button\"><div class=\"uagb-button__wrapper\"><a class=\"uagb-buttons-repeater wp-block-button__link\" aria-label=\"\" href=\"index.php\/toiminta\/\" rel=\"follow noopener\" target=\"_self\" role=\"button\"><div class=\"uagb-button__link\">Toimintamme<\/div><\/a><\/div><\/div>\n<\/div><\/div>\n<\/div><\/div>\n\n\n\n<div style=\"height:20px\" aria-hidden=\"true\" class=\"wp-block-spacer\"><\/div>\n\n\n\n<div class=\"wp-block-group is-layout-constrained wp-block-group-is-layout-constrained\">\n<div class=\"wp-block-columns is-layout-flex wp-container-core-columns-is-layout-28f84493 wp-block-columns-is-layout-flex\">\n<div class=\"wp-block-column is-layout-flow wp-block-column-is-layout-flow\" style=\"flex-basis:100%\">\n<div class=\"wp-block-columns is-layout-flex wp-container-core-columns-is-layout-28f84493 wp-block-columns-is-layout-flex\">\n<div class=\"wp-block-column is-layout-flow wp-block-column-is-layout-flow\">\n<p class=\"has-medium-font-size\"><strong><mark style=\"background-color:rgba(0, 0, 0, 0);color:#1c838f\" class=\"has-inline-color\">Seurakunnan tilaisuuksia<\/mark><\/strong><\/p>\n\n\n\n<p><\/p>\n<\/div>\n<\/div>\n<\/div>\n<\/div>\n\n\n\n<p><strong>La 18.4. klo 14<\/strong> <strong><mark style=\"background-color:rgba(0, 0, 0, 0);color:#da2a97\" class=\"has-inline-color\">Ylistyksen ja rukouksen iltap\u00e4iv\u00e4.<\/mark><\/strong> Mirjam Kein\u00e4nen.<\/p>\n\n\n\n<p><strong>Su 19.4. klo 11 <\/strong>Jumalanpalvelus. Jukka Piirainen, Tenho Hagert. Musiikissa Outi Ruuska.<\/p>\n\n\n\n<p><strong>Ti 21.4. klo 18 <\/strong>Rukousilta. Sirkku Hukkanen.<\/p>\n\n\n\n<p><strong>To 23.4. klo 11<\/strong> P\u00e4iv\u00e4rukous<\/p>\n\n\n\n<p><strong>Su 26.4. klo 11 <\/strong>Jumalanpalvelus. Sirpa Kouvalainen, Jukka Piirainen. Musiikissa Leena Himanen.<\/p>\n\n\n\n<p><strong>Ti 28.4. klo 18<\/strong> Rukousilta. Jukka Piirainen.<\/p>\n\n\n\n<p><strong>To 30.4. klo 11 <\/strong>P\u00e4iv\u00e4rukous<\/p>\n\n\n\n<p><strong>To 30.4. klo 18<\/strong> <strong><mark style=\"background-color:rgba(0, 0, 0, 0);color:#00b521\" class=\"has-inline-color\">Askeleet uuteen -ilta<\/mark><\/strong><mark style=\"background-color:rgba(0, 0, 0, 0);color:#00d084\" class=\"has-inline-color\"> <\/mark><em>Vierem\u00e4n Y-talolla.<\/em> Sirpa Kouvalainen, Paula<br>Shaheen.<\/p>\n\n\n\n<p><strong><em><mark style=\"background-color:rgba(0, 0, 0, 0);color:#fcb900\" class=\"has-inline-color\">Toukokuu<\/mark><\/em><\/strong><\/p>\n\n\n\n<p><strong>Su 3.5. klo 11<\/strong> Ehtoollisjumalanpalvelus. Jukka Piirainen, Petri Himanen. Musiikissa nuoret. <strong><mark style=\"background-color:rgba(0, 0, 0, 0);color:#0693e3\" class=\"has-inline-color\">(Pyh\u00e4koulu &amp; varkit)<\/mark><\/strong><\/p>\n\n\n\n<p><strong>Ti 5.5. klo 18<\/strong> Rukousilta. Sirpa Kouvalainen.<\/p>\n\n\n\n<p><strong>To 7.5. klo 11<\/strong> P\u00e4iv\u00e4rukous<\/p>\n\n\n\n<p><strong>Su 10.5. klo 11<\/strong> <strong><mark style=\"background-color:rgba(0, 0, 0, 0);color:#f78da7\" class=\"has-inline-color\">\u00c4itienp\u00e4iv\u00e4juhla.<\/mark><\/strong> Sirkku Hukkanen. Musiikissa Paula Shaheen. <strong><mark style=\"background-color:rgba(0, 0, 0, 0);color:#0693e3\" class=\"has-inline-color\">(Pyh\u00e4koulu &amp; varkit)<\/mark><\/strong><\/p>\n\n\n\n<p><strong>Ti 12.5. klo 18<\/strong> Rukousilta. Arto Ruuska.<\/p>\n\n\n\n<p><strong>To 14.5. klo 11<\/strong> P\u00e4iv\u00e4rukous<\/p>\n\n\n\n<p><strong>Su 17.5. klo 11<\/strong> Jumalanpalvelus. Charles Shaheen, Jukka Piirainen. Musiikissa Outi Ruuska.<\/p>\n\n\n\n<p><strong>Ti 19.5. klo 18<\/strong> Rukousilta. Jukka Piirainen.<\/p>\n\n\n\n<p><strong>To 21.5. klo 11<\/strong> P\u00e4iv\u00e4rukous<\/p>\n\n\n\n<p><strong>Su 24.5. klo 11<\/strong> Jumalanpalvelus. Gideonit &amp; Petri Himanen. Musiikissa Laila Shaheen.<\/p>\n\n\n\n<p><strong>Ti 26.5. klo 18<\/strong> Rukousilta. Mirjam Kein\u00e4nen.<\/p>\n\n\n\n<p><strong>To 28.5. klo 11<\/strong> P\u00e4iv\u00e4rukous<\/p>\n\n\n\n<p><strong>To 28.5. klo 18<\/strong> <strong><mark style=\"background-color:rgba(0, 0, 0, 0);color:#00b51b\" class=\"has-inline-color\">Askeleet uuteen -ilta<\/mark><\/strong> <em>Vierem\u00e4n Y-talolla.<\/em> Sirpa Kouvalainen, Paula<br>Shaheen.<\/p>\n\n\n\n<p><strong>Su 31.5. klo 11<\/strong> Jumalanpalvelus. Jukka Piirainen, Tapani Lappalainen. Musiikissa Leena Himanen.<\/p>\n<\/div>\n\n\n\n<div class=\"wp-block-uagb-container uagb-block-74d85433 alignwide uagb-is-root-container\">\n<div class=\"wp-block-uagb-container uagb-block-a0fdc888\">\n<div class=\"wp-block-uagb-info-box uagb-block-d4baa872 uagb-infobox__content-wrap  uagb-infobox-icon-above-title uagb-infobox-image-valign-top\"><div class=\"uagb-ifb-content\"><div class=\"uagb-ifb-icon-wrap\"><svg xmlns=\"https:\/\/www.w3.org\/2000\/svg\" viewBox=\"0 0 512 512\"><path d=\"M464 64C490.5 64 512 85.49 512 112C512 127.1 504.9 141.3 492.8 150.4L275.2 313.6C263.8 322.1 248.2 322.1 236.8 313.6L19.2 150.4C7.113 141.3 0 127.1 0 112C0 85.49 21.49 64 48 64H464zM217.6 339.2C240.4 356.3 271.6 356.3 294.4 339.2L512 176V384C512 419.3 483.3 448 448 448H64C28.65 448 0 419.3 0 384V176L217.6 339.2z\"><\/path><\/svg><\/div><div class=\"uagb-ifb-title-wrap\"><h3 class=\"uagb-ifb-title-prefix\">Ota yhteytt\u00e4<\/h3><div class=\"uagb-ifb-separator\"><\/div><h2 class=\"uagb-ifb-title\">Iisalmen Helluntaiseurakunta<\/h2><\/div><p class=\"uagb-ifb-desc\"><strong>Karjalankatu 22<\/strong><br><strong>74100 IISALMI<\/strong><a href=\"https:\/\/iisalmenhelluntaiseurakunta.fi\/022b6721799d291160f2686ef63be349\/?page_id=1472\/?page_id=1472#Pastorit\"><br><\/a><br><em><strong>s-posti: iisalmi.helluntai@gmail.com<\/strong><\/em><br><em><strong>puh. 045 197 2759<\/strong><\/em><\/p><\/div><\/div>\n<\/div>\n\n\n\n<div class=\"wp-block-uagb-container uagb-block-29a35988\">\t\t\t<div \n\t\t\tclass=\"wp-block-uagb-google-map uagb-google-map__wrap uagb-block-ac945f5b     \"\n\t\t\tstyle=\"\" >\n\t\t\t\t<embed\n\t\t\t\t\tclass=\"uagb-google-map__iframe\"\n\t\t\t\t\ttitle=\"Google Map for \"\n\t\t\t\t\tsrc=\"https:\/\/maps.google.com\/maps?q=iisalmen%20helluntaiseurakunta&#038;z=12&#038;hl=fi&#038;t=m&#038;output=embed&#038;iwloc=near\"\n\t\t\t\t\twidth=\"640\"\n\t\t\t\t\theight=\"300\"\n\t\t\t\t\tloading=\"lazy\"\n\t\t\t\t><\/embed>\n\t\t\t<\/div>\n\t\t\t<\/div>\n\n\n\n<figure class=\"wp-block-image size-large\"><img decoding=\"async\" width=\"1024\" height=\"724\" data-src=\"https:\/\/iisalmenhelluntaiseurakunta.fi\/wp-content\/uploads\/2025\/11\/Diakonia-apu-1024x724.jpg\" alt=\"\" class=\"wp-image-1902 lazyload\" data-srcset=\"https:\/\/iisalmenhelluntaiseurakunta.fi\/wp-content\/uploads\/2025\/11\/Diakonia-apu-1024x724.jpg 1024w, https:\/\/iisalmenhelluntaiseurakunta.fi\/wp-content\/uploads\/2025\/11\/Diakonia-apu-300x212.jpg 300w, https:\/\/iisalmenhelluntaiseurakunta.fi\/wp-content\/uploads\/2025\/11\/Diakonia-apu-768x543.jpg 768w, https:\/\/iisalmenhelluntaiseurakunta.fi\/wp-content\/uploads\/2025\/11\/Diakonia-apu-1536x1086.jpg 1536w, https:\/\/iisalmenhelluntaiseurakunta.fi\/wp-content\/uploads\/2025\/11\/Diakonia-apu-2048x1448.jpg 2048w\" data-sizes=\"(max-width: 1024px) 100vw, 1024px\" src=\"data:image\/svg+xml;base64,PHN2ZyB3aWR0aD0iMSIgaGVpZ2h0PSIxIiB4bWxucz0iaHR0cDovL3d3dy53My5vcmcvMjAwMC9zdmciPjwvc3ZnPg==\" style=\"--smush-placeholder-width: 1024px; --smush-placeholder-aspect-ratio: 1024\/724;\" \/><\/figure>\n<\/div>\n\n\n","protected":false},"excerpt":{"rendered":"<p>Seurakunnan tilaisuuksia La 18.4. klo 14 Ylistyksen ja rukouksen iltap\u00e4iv\u00e4. Mirjam Kein\u00e4nen. Su 19.4. klo 11 Jumalanpalvelus. Jukka Piirainen, Tenho Hagert. Musiikissa Outi Ruuska. Ti 21.4. klo 18 Rukousilta. Sirkku Hukkanen. To 23.4. klo 11 P\u00e4iv\u00e4rukous Su 26.4. klo 11 Jumalanpalvelus. Sirpa Kouvalainen, Jukka Piirainen. Musiikissa Leena Himanen. Ti 28.4. klo 18 Rukousilta. Jukka Piirainen. [&hellip;]<\/p>\n","protected":false},"author":4,"featured_media":0,"parent":0,"menu_order":0,"comment_status":"closed","ping_status":"closed","template":"","meta":{"_uag_custom_page_level_css":"","site-sidebar-layout":"no-sidebar","site-content-layout":"plain-container","ast-site-content-layout":"normal-width-container","site-content-style":"unboxed","site-sidebar-style":"unboxed","ast-global-header-display":"","ast-banner-title-visibility":"","ast-main-header-display":"","ast-hfb-above-header-display":"","ast-hfb-below-header-display":"","ast-hfb-mobile-header-display":"","site-post-title":"disabled","ast-breadcrumbs-content":"","ast-featured-img":"","footer-sml-layout":"","ast-disable-related-posts":"","theme-transparent-header-meta":"enabled","adv-header-id-meta":"","stick-header-meta":"","header-above-stick-meta":"","header-main-stick-meta":"","header-below-stick-meta":"","astra-migrate-meta-layouts":"set","ast-page-background-enabled":"default","ast-page-background-meta":{"desktop":{"background-color":"","background-image":"","background-repeat":"repeat","background-position":"center center","background-size":"auto","background-attachment":"scroll","background-type":"","background-media":"","overlay-type":"","overlay-color":"","overlay-opacity":"","overlay-gradient":""},"tablet":{"background-color":"","background-image":"","background-repeat":"repeat","background-position":"center center","background-size":"auto","background-attachment":"scroll","background-type":"","background-media":"","overlay-type":"","overlay-color":"","overlay-opacity":"","overlay-gradient":""},"mobile":{"background-color":"","background-image":"","background-repeat":"repeat","background-position":"center center","background-size":"auto","background-attachment":"scroll","background-type":"","background-media":"","overlay-type":"","overlay-color":"","overlay-opacity":"","overlay-gradient":""}},"ast-content-background-meta":{"desktop":{"background-color":"var(--ast-global-color-5)","background-image":"","background-repeat":"repeat","background-position":"center center","background-size":"auto","background-attachment":"scroll","background-type":"","background-media":"","overlay-type":"","overlay-color":"","overlay-opacity":"","overlay-gradient":""},"tablet":{"background-color":"var(--ast-global-color-5)","background-image":"","background-repeat":"repeat","background-position":"center center","background-size":"auto","background-attachment":"scroll","background-type":"","background-media":"","overlay-type":"","overlay-color":"","overlay-opacity":"","overlay-gradient":""},"mobile":{"background-color":"var(--ast-global-color-5)","background-image":"","background-repeat":"repeat","background-position":"center center","background-size":"auto","background-attachment":"scroll","background-type":"","background-media":"","overlay-type":"","overlay-color":"","overlay-opacity":"","overlay-gradient":""}},"footnotes":""},"class_list":["post-217","page","type-page","status-publish","hentry"],"uagb_featured_image_src":{"full":false,"thumbnail":false,"medium":false,"medium_large":false,"large":false,"1536x1536":false,"2048x2048":false},"uagb_author_info":{"display_name":"Yll\u00e4pito","author_link":"https:\/\/iisalmenhelluntaiseurakunta.fi\/index.php\/author\/ihsadmin\/"},"uagb_comment_info":0,"uagb_excerpt":"Seurakunnan tilaisuuksia La 18.4. klo 14 Ylistyksen ja rukouksen iltap\u00e4iv\u00e4. Mirjam Kein\u00e4nen. Su 19.4. klo 11 Jumalanpalvelus. Jukka Piirainen, Tenho Hagert. Musiikissa Outi Ruuska. Ti 21.4. klo 18 Rukousilta. Sirkku Hukkanen. To 23.4. klo 11 P\u00e4iv\u00e4rukous Su 26.4. klo 11 Jumalanpalvelus. Sirpa Kouvalainen, Jukka Piirainen. Musiikissa Leena Himanen. Ti 28.4. klo 18 Rukousilta. Jukka Piirainen.&hellip;","_links":{"self":[{"href":"https:\/\/iisalmenhelluntaiseurakunta.fi\/index.php\/wp-json\/wp\/v2\/pages\/217","targetHints":{"allow":["GET"]}}],"collection":[{"href":"https:\/\/iisalmenhelluntaiseurakunta.fi\/index.php\/wp-json\/wp\/v2\/pages"}],"about":[{"href":"https:\/\/iisalmenhelluntaiseurakunta.fi\/index.php\/wp-json\/wp\/v2\/types\/page"}],"author":[{"embeddable":true,"href":"https:\/\/iisalmenhelluntaiseurakunta.fi\/index.php\/wp-json\/wp\/v2\/users\/4"}],"replies":[{"embeddable":true,"href":"https:\/\/iisalmenhelluntaiseurakunta.fi\/index.php\/wp-json\/wp\/v2\/comments?post=217"}],"version-history":[{"count":212,"href":"https:\/\/iisalmenhelluntaiseurakunta.fi\/index.php\/wp-json\/wp\/v2\/pages\/217\/revisions"}],"predecessor-version":[{"id":2011,"href":"https:\/\/iisalmenhelluntaiseurakunta.fi\/index.php\/wp-json\/wp\/v2\/pages\/217\/revisions\/2011"}],"wp:attachment":[{"href":"https:\/\/iisalmenhelluntaiseurakunta.fi\/index.php\/wp-json\/wp\/v2\/media?parent=217"}],"curies":[{"name":"wp","href":"https:\/\/api.w.org\/{rel}","templated":true}]}}