{"id":220,"date":"2020-05-12T03:43:05","date_gmt":"2020-05-12T03:43:05","guid":{"rendered":"https:\/\/iisalmenhelluntaiseurakunta.fi\/index.php\/contact\/"},"modified":"2026-04-13T18:56:41","modified_gmt":"2026-04-13T15:56:41","slug":"contact","status":"publish","type":"page","link":"https:\/\/iisalmenhelluntaiseurakunta.fi\/index.php\/contact\/","title":{"rendered":"Yhteystiedot"},"content":{"rendered":"\n<div class=\"wp-block-uagb-container uagb-block-2f179a9d alignfull uagb-is-root-container\">\n<div class=\"wp-block-uagb-advanced-heading uagb-block-b63e11bc\"><h1 class=\"uagb-heading-text\">Yhteystiedot\u200b<\/h1><\/div>\n<\/div>\n\n\n\n<div class=\"wp-block-uagb-container uagb-block-c013d31c alignfull uagb-is-root-container\"><div class=\"uagb-container-inner-blocks-wrap\">\n<div class=\"wp-block-columns is-layout-flex wp-container-core-columns-is-layout-ff679dcb wp-block-columns-is-layout-flex\" style=\"border-style:none;border-width:0px;border-radius:0px;margin-top:0;margin-bottom:0;padding-top:var(--wp--preset--spacing--20);padding-bottom:var(--wp--preset--spacing--20)\">\n<div class=\"wp-block-column is-layout-flow wp-block-column-is-layout-flow\">\n<div class=\"wp-block-columns is-layout-flex wp-container-core-columns-is-layout-28f84493 wp-block-columns-is-layout-flex\">\n<div class=\"wp-block-column is-layout-flow wp-block-column-is-layout-flow\">\n<div class=\"wp-block-columns is-layout-flex wp-container-core-columns-is-layout-28f84493 wp-block-columns-is-layout-flex\">\n<div class=\"wp-block-column is-layout-flow wp-block-column-is-layout-flow\"><\/div>\n<\/div>\n<\/div>\n<\/div>\n<\/div>\n\n\n\n<div class=\"wp-block-column is-layout-flow wp-block-column-is-layout-flow\">\n<div style=\"height:15px\" aria-hidden=\"true\" class=\"wp-block-spacer\"><\/div>\n\n\n\n<h3 class=\"wp-block-heading has-text-align-center\">Jukka Piirainen<\/h3>\n\n\n\n<p class=\"has-text-align-center\"><strong><mark style=\"background-color:rgba(0, 0, 0, 0);color:#44adb5\" class=\"has-inline-color\"> johtava pastori<\/mark><\/strong><br><strong>yhteyshenkil\u00f6<\/strong><\/p>\n\n\n\n<p class=\"has-text-align-center\"><\/p>\n\n\n\n<p class=\"has-text-align-center\"><strong>iisalmi.helluntai@gmail.com<\/strong><br><strong>045 197 2759<\/strong><\/p>\n\n\n\n<p class=\"has-text-align-center\"><br><\/p>\n<\/div>\n\n\n\n<div class=\"wp-block-column is-layout-flow wp-block-column-is-layout-flow\">\n<p><\/p>\n\n\n\n<p><\/p>\n<\/div>\n<\/div>\n<\/div><\/div>\n\n\n\n<div class=\"wp-block-uagb-container uagb-block-4145f235 alignfull uagb-is-root-container\"><div class=\"uagb-container-inner-blocks-wrap\">\n<div class=\"wp-block-uagb-container uagb-block-67d55e09\">\n<h2 class=\"wp-block-heading\">Vanhimmisto &amp; avustajat<\/h2>\n\n\n\n<p><strong>Vanhimmisto<\/strong><\/p>\n\n\n\n<p><strong>Jukka Piirainen, puheenjohtaja<\/strong>: 045 197 2759<br>Petri Himanen, varapuheenjohtaja: 044 362 0620<br>Arto Ruuska: 040 165 6213<br><\/p>\n\n\n\n<p><strong>Avustajat<\/strong><\/p>\n\n\n\n<p>Auvo Juntunen: 044 241 8942<br>Sirkku Hukkanen: 045 889 0747<br>Sirpa Kouvalainen: 045 131 2191<\/p>\n<\/div>\n\n\n\n<div class=\"wp-block-uagb-container uagb-block-ff05ce99\">\n<h2 class=\"wp-block-heading\">Hallitus<\/h2>\n\n\n\n<p><strong>Tero Kaatrasalo, puheenjohtaja<\/strong> (tkaatrasalo@hotmail.com)<br>Juha Savolainen, varapuheenjohtaja<br>Petri Himanen<br>Pia Kiiskinen<br>Sirkku Hukkanen<br>Sirpa Kouvalainen<br><\/p>\n<\/div>\n<\/div><\/div>\n\n\n\n<div class=\"wp-block-group has-ast-global-color-8-background-color has-background is-layout-constrained wp-block-group-is-layout-constrained\">\n<h2 class=\"wp-block-heading\">Toimintamuotojen yhteyshenkil\u00f6t<\/h2>\n\n\n\n<div class=\"wp-block-columns is-layout-flex wp-container-core-columns-is-layout-28f84493 wp-block-columns-is-layout-flex\">\n<div class=\"wp-block-column is-layout-flow wp-block-column-is-layout-flow\">\n<p><strong>L\u00e4hetysty\u00f6<\/strong><br>Charles Shaheen <\/p>\n\n\n\n<p><strong>Lapsi- ja nuorisoty\u00f6<\/strong><br>Mirjam Kein\u00e4nen<br>050 503 0026 mirjam.iisalmenhelluntaisrk@gmail.com<\/p>\n\n\n\n<p><strong>Rahastonhoitaja<br><\/strong>Asta Hiltunen<\/p>\n\n\n\n<p><strong>Toivo-kirppis<\/strong><br>Anja Huttunen<br>050 436 5365<\/p>\n\n\n\n<p><strong>Kirjamyyj\u00e4<br><\/strong>Asta Hiltunen<br>Sirpa Vidgren<\/p>\n\n\n\n<p><strong>Diakoniaty\u00f6<\/strong><br>Leena Reis<\/p>\n<\/div>\n\n\n\n<div class=\"wp-block-column is-layout-flow wp-block-column-is-layout-flow\">\n<p><strong>Sielunhoitoty\u00f6<\/strong><br>Sirkku Hukkanen: 041 311 8341<br><a href=\"mailto:sirkku.ojala@gmail.com\" target=\"_blank\" rel=\"noreferrer noopener\">sirkku.ojala@gmail.com<\/a><br>Ritva Korhonen<\/p>\n\n\n\n<p>Saattohoitaja\/vanhimmiston kunniaj\u00e4sen Pentti Kiiskinen: 044 522 6209<\/p>\n\n\n\n<p><strong>Kouluty\u00f6vastaava<\/strong><br>Outi Ruuska<br><a href=\"mailto:outi.ktvastaava@gmail.com\">outi.ktvastaava@gmail.com<\/a><\/p>\n\n\n\n<div class=\"wp-block-columns is-layout-flex wp-container-core-columns-is-layout-28f84493 wp-block-columns-is-layout-flex\">\n<div class=\"wp-block-column is-layout-flow wp-block-column-is-layout-flow\"><\/div>\n<\/div>\n<\/div>\n<\/div>\n<\/div>\n\n\n\n<div class=\"wp-block-uagb-container uagb-block-0452d32b alignfull uagb-is-root-container\"><div class=\"uagb-container-inner-blocks-wrap\">\n<div class=\"wp-block-uagb-container uagb-block-3c2aa714\">\n<div class=\"wp-block-uagb-advanced-heading uagb-block-aedfbc40\"><h2 class=\"uagb-heading-text\">L\u00e4het\u00e4 palautetta<\/h2><\/div>\n\n\n\n<div class=\"wp-block-uagb-forms uagb-forms__outer-wrap uagb-block-de57d0a8 uagb-forms__default-btn\"><form class=\"uagb-forms-main-form\" method=\"post\" autocomplete=\"on\" name=\"uagb-form-de57d0a8\">\n<div class=\"wp-block-uagb-forms-name uagb-forms-name-wrap uagb-forms-field-set uagb-block-352ff52a\"><div class=\"uagb-forms-name-label required uagb-forms-input-label\" id=\"352ff52a\">First Name<\/div><input type=\"text\" placeholder=\"Nimi\" required class=\"uagb-forms-name-input uagb-forms-input\" name=\"352ff52a\" autocomplete=\"name\"\/><\/div>\n\n\n\n<div class=\"wp-block-uagb-forms-email uagb-forms-email-wrap uagb-forms-field-set uagb-block-150df90f\"><div class=\"uagb-forms-email-label required uagb-forms-input-label\" id=\"150df90f\">Email<\/div><input type=\"email\" class=\"uagb-forms-email-input uagb-forms-input\" placeholder=\"S\u00e4hk\u00f6posti\" required name=\"150df90f\" autocomplete=\"email\"\/><\/div>\n\n\n\n<div class=\"wp-block-uagb-forms-name uagb-forms-name-wrap uagb-forms-field-set uagb-block-8433b549\"><div class=\"uagb-forms-name-label required uagb-forms-input-label\" id=\"8433b549\">Last Name<\/div><input type=\"text\" placeholder=\"Aihe\" required class=\"uagb-forms-name-input uagb-forms-input\" name=\"8433b549\" autocomplete=\"off\"\/><\/div>\n\n\n\n<div class=\"wp-block-uagb-forms-textarea uagb-forms-textarea-wrap uagb-forms-field-set uagb-block-f72264f4\"><div class=\"uagb-forms-textarea-label required uagb-forms-input-label\" id=\"f72264f4\">Message<\/div><textarea required class=\"uagb-forms-textarea-input uagb-forms-input\" rows=\"6\" placeholder=\"Viesti\" name=\"f72264f4\" autocomplete=\"off\"><\/textarea><\/div>\n<div class=\"uagb-forms-form-hidden-data\"><input type=\"hidden\" id=\"g-recaptcha-response\" class=\"uagb-forms-recaptcha\"\/><input type=\"hidden\" class=\"uagb_forms_form_label\" value=\"Spectra Form\"\/><input type=\"hidden\" class=\"uagb_forms_form_id\" value=\"uagb-form-de57d0a8\"\/><\/div><div class=\"uagb-form-reacaptcha-error-de57d0a8\"><\/div><div class=\"uagb-forms-main-submit-button-wrap wp-block-button\"><button class=\"uagb-forms-main-submit-button wp-block-button__link\"><div class=\"uagb-forms-main-submit-button-text\">L\u00e4het\u00e4<\/div><\/button><\/div><\/form><div class=\"uagb-forms-success-message-de57d0a8 uagb-forms-submit-message-hide\"><span>Viesti on l\u00e4hetetty onnistuneesti!<\/span><\/div><div class=\"uagb-forms-failed-message-de57d0a8 uagb-forms-submit-message-hide\"><span>Viestin l\u00e4hetyksess\u00e4 oli virhe. Tarkista sy\u00f6tetyt tiedot.<\/span><\/div><\/div>\n<\/div>\n<\/div><\/div>\n\n\n\n<div class=\"wp-block-uagb-container uagb-block-558710cf alignfull uagb-is-root-container\">\t\t\t<div \n\t\t\tclass=\"wp-block-uagb-google-map uagb-google-map__wrap uagb-block-1ac43991     \"\n\t\t\tstyle=\"\" >\n\t\t\t\t<embed\n\t\t\t\t\tclass=\"uagb-google-map__iframe\"\n\t\t\t\t\ttitle=\"Google Map for \"\n\t\t\t\t\tsrc=\"https:\/\/maps.google.com\/maps?q=iisalmen%20helluntaiseurakunta&#038;z=12&#038;hl=fi&#038;t=m&#038;output=embed&#038;iwloc=near\"\n\t\t\t\t\twidth=\"640\"\n\t\t\t\t\theight=\"400\"\n\t\t\t\t\tloading=\"lazy\"\n\t\t\t\t><\/embed>\n\t\t\t<\/div>\n\t\t\t<\/div>\n","protected":false},"excerpt":{"rendered":"<p>Yhteystiedot\u200b Jukka Piirainen johtava pastoriyhteyshenkil\u00f6 iisalmi.helluntai@gmail.com045 197 2759 Vanhimmisto &amp; avustajat Vanhimmisto Jukka Piirainen, puheenjohtaja: 045 197 2759Petri Himanen, varapuheenjohtaja: 044 362 0620Arto Ruuska: 040 165 6213 Avustajat Auvo Juntunen: 044 241 8942Sirkku Hukkanen: 045 889 0747Sirpa Kouvalainen: 045 131 2191 Hallitus Tero Kaatrasalo, puheenjohtaja (tkaatrasalo@hotmail.com)Juha Savolainen, varapuheenjohtajaPetri HimanenPia KiiskinenSirkku HukkanenSirpa Kouvalainen Toimintamuotojen yhteyshenkil\u00f6t L\u00e4hetysty\u00f6Charles [&hellip;]<\/p>\n","protected":false},"author":4,"featured_media":0,"parent":0,"menu_order":0,"comment_status":"closed","ping_status":"closed","template":"","meta":{"_uag_custom_page_level_css":"","site-sidebar-layout":"no-sidebar","site-content-layout":"plain-container","ast-site-content-layout":"normal-width-container","site-content-style":"unboxed","site-sidebar-style":"unboxed","ast-global-header-display":"","ast-banner-title-visibility":"","ast-main-header-display":"","ast-hfb-above-header-display":"","ast-hfb-below-header-display":"","ast-hfb-mobile-header-display":"","site-post-title":"disabled","ast-breadcrumbs-content":"","ast-featured-img":"","footer-sml-layout":"","ast-disable-related-posts":"","theme-transparent-header-meta":"enabled","adv-header-id-meta":"","stick-header-meta":"","header-above-stick-meta":"","header-main-stick-meta":"","header-below-stick-meta":"","astra-migrate-meta-layouts":"set","ast-page-background-enabled":"default","ast-page-background-meta":{"desktop":{"background-color":"","background-image":"","background-repeat":"repeat","background-position":"center center","background-size":"auto","background-attachment":"scroll","background-type":"","background-media":"","overlay-type":"","overlay-color":"","overlay-opacity":"","overlay-gradient":""},"tablet":{"background-color":"","background-image":"","background-repeat":"repeat","background-position":"center center","background-size":"auto","background-attachment":"scroll","background-type":"","background-media":"","overlay-type":"","overlay-color":"","overlay-opacity":"","overlay-gradient":""},"mobile":{"background-color":"","background-image":"","background-repeat":"repeat","background-position":"center center","background-size":"auto","background-attachment":"scroll","background-type":"","background-media":"","overlay-type":"","overlay-color":"","overlay-opacity":"","overlay-gradient":""}},"ast-content-background-meta":{"desktop":{"background-color":"var(--ast-global-color-5)","background-image":"","background-repeat":"repeat","background-position":"center center","background-size":"auto","background-attachment":"scroll","background-type":"","background-media":"","overlay-type":"","overlay-color":"","overlay-opacity":"","overlay-gradient":""},"tablet":{"background-color":"var(--ast-global-color-5)","background-image":"","background-repeat":"repeat","background-position":"center center","background-size":"auto","background-attachment":"scroll","background-type":"","background-media":"","overlay-type":"","overlay-color":"","overlay-opacity":"","overlay-gradient":""},"mobile":{"background-color":"var(--ast-global-color-5)","background-image":"","background-repeat":"repeat","background-position":"center center","background-size":"auto","background-attachment":"scroll","background-type":"","background-media":"","overlay-type":"","overlay-color":"","overlay-opacity":"","overlay-gradient":""}},"footnotes":"[]"},"class_list":["post-220","page","type-page","status-publish","hentry"],"uagb_featured_image_src":{"full":false,"thumbnail":false,"medium":false,"medium_large":false,"large":false,"1536x1536":false,"2048x2048":false},"uagb_author_info":{"display_name":"Yll\u00e4pito","author_link":"https:\/\/iisalmenhelluntaiseurakunta.fi\/index.php\/author\/ihsadmin\/"},"uagb_comment_info":0,"uagb_excerpt":"Yhteystiedot\u200b Jukka Piirainen johtava pastoriyhteyshenkil\u00f6 iisalmi.helluntai@gmail.com045 197 2759 Vanhimmisto &amp; avustajat Vanhimmisto Jukka Piirainen, puheenjohtaja: 045 197 2759Petri Himanen, varapuheenjohtaja: 044 362 0620Arto Ruuska: 040 165 6213 Avustajat Auvo Juntunen: 044 241 8942Sirkku Hukkanen: 045 889 0747Sirpa Kouvalainen: 045 131 2191 Hallitus Tero Kaatrasalo, puheenjohtaja (tkaatrasalo@hotmail.com)Juha Savolainen, varapuheenjohtajaPetri HimanenPia KiiskinenSirkku HukkanenSirpa Kouvalainen Toimintamuotojen yhteyshenkil\u00f6t L\u00e4hetysty\u00f6Charles&hellip;","_links":{"self":[{"href":"https:\/\/iisalmenhelluntaiseurakunta.fi\/index.php\/wp-json\/wp\/v2\/pages\/220","targetHints":{"allow":["GET"]}}],"collection":[{"href":"https:\/\/iisalmenhelluntaiseurakunta.fi\/index.php\/wp-json\/wp\/v2\/pages"}],"about":[{"href":"https:\/\/iisalmenhelluntaiseurakunta.fi\/index.php\/wp-json\/wp\/v2\/types\/page"}],"author":[{"embeddable":true,"href":"https:\/\/iisalmenhelluntaiseurakunta.fi\/index.php\/wp-json\/wp\/v2\/users\/4"}],"replies":[{"embeddable":true,"href":"https:\/\/iisalmenhelluntaiseurakunta.fi\/index.php\/wp-json\/wp\/v2\/comments?post=220"}],"version-history":[{"count":70,"href":"https:\/\/iisalmenhelluntaiseurakunta.fi\/index.php\/wp-json\/wp\/v2\/pages\/220\/revisions"}],"predecessor-version":[{"id":2008,"href":"https:\/\/iisalmenhelluntaiseurakunta.fi\/index.php\/wp-json\/wp\/v2\/pages\/220\/revisions\/2008"}],"wp:attachment":[{"href":"https:\/\/iisalmenhelluntaiseurakunta.fi\/index.php\/wp-json\/wp\/v2\/media?parent=220"}],"curies":[{"name":"wp","href":"https:\/\/api.w.org\/{rel}","templated":true}]}}