{"id":970,"date":"2024-01-03T10:52:40","date_gmt":"2024-01-03T08:52:40","guid":{"rendered":"https:\/\/iisalmenhelluntaiseurakunta.fi\/?page_id=970"},"modified":"2026-03-24T11:15:06","modified_gmt":"2026-03-24T09:15:06","slug":"toiminta","status":"publish","type":"page","link":"https:\/\/iisalmenhelluntaiseurakunta.fi\/index.php\/toiminta\/","title":{"rendered":"Toimintamuodot"},"content":{"rendered":"\n<div class=\"wp-block-uagb-container uagb-block-07933978 alignfull uagb-is-root-container\"><div class=\"uagb-container-inner-blocks-wrap\">\n<div class=\"wp-block-uagb-info-box uagb-block-425cc6b4 uagb-infobox__content-wrap  uagb-infobox-icon-above-title uagb-infobox-image-valign-top\"><div class=\"uagb-ifb-content\"><div class=\"uagb-ifb-title-wrap\"><h1 class=\"uagb-ifb-title\">Toimintamuodot<\/h1><\/div><p class=\"uagb-ifb-desc\"><br><br><\/p><\/div><\/div>\n<\/div><\/div>\n\n\n\n<div style=\"height:20px\" aria-hidden=\"true\" class=\"wp-block-spacer\"><\/div>\n\n\n\n<div class=\"wp-block-uagb-tabs uagb-block-dfa1eadc uagb-tabs__wrap uagb-tabs__hstyle3-desktop uagb-tabs__vstyle6-tablet uagb-tabs__stack1-mobile\" data-tab-active=\"0\"><ul class=\"uagb-tabs__panel uagb-tabs__align-center\" role=\"tablist\"><li class=\"uagb-tab uagb-tabs__active\" role=\"none\"><a href=\"#uagb-tabs__tab0\" class=\"uagb-tabs-list uagb-tabs__icon-position-left\" data-tab=\"0\" role=\"tab\"><span class=\"uagb-tabs__icon\"><svg width=\"18\" height=\"12\" viewBox=\"0 0 18 12\" xmlns=\"http:\/\/www.w3.org\/2000\/svg\"><path d=\"M0 0H18V2H0V0ZM0 5.00001H18V7.00001H0V5.00001ZM0 10H18V12H0V10Z\"><\/path><\/svg><\/span><div>Diakonia ja sielunhoito<\/div><\/a><\/li><li class=\"uagb-tab \" role=\"none\"><a href=\"#uagb-tabs__tab1\" class=\"uagb-tabs-list uagb-tabs__icon-position-left\" data-tab=\"1\" role=\"tab\"><span class=\"uagb-tabs__icon\"><svg width=\"18\" height=\"12\" viewBox=\"0 0 18 12\" xmlns=\"http:\/\/www.w3.org\/2000\/svg\"><path d=\"M0 0H18V2H0V0ZM0 5.00001H18V7.00001H0V5.00001ZM0 10H18V12H0V10Z\"><\/path><\/svg><\/span><div>Lapsity\u00f6<\/div><\/a><\/li><li class=\"uagb-tab \" role=\"none\"><a href=\"#uagb-tabs__tab2\" class=\"uagb-tabs-list uagb-tabs__icon-position-left\" data-tab=\"2\" role=\"tab\"><span class=\"uagb-tabs__icon\"><svg width=\"18\" height=\"12\" viewBox=\"0 0 18 12\" xmlns=\"http:\/\/www.w3.org\/2000\/svg\"><path d=\"M0 0H18V2H0V0ZM0 5.00001H18V7.00001H0V5.00001ZM0 10H18V12H0V10Z\"><\/path><\/svg><\/span><div>Nuorisoty\u00f6<\/div><\/a><\/li><li class=\"uagb-tab \" role=\"none\"><a href=\"#uagb-tabs__tab3\" class=\"uagb-tabs-list uagb-tabs__icon-position-left\" data-tab=\"3\" role=\"tab\"><span class=\"uagb-tabs__icon\"><svg width=\"18\" height=\"12\" viewBox=\"0 0 18 12\" xmlns=\"http:\/\/www.w3.org\/2000\/svg\"><path d=\"M0 0H18V2H0V0ZM0 5.00001H18V7.00001H0V5.00001ZM0 10H18V12H0V10Z\"><\/path><\/svg><\/span><div>Media<\/div><\/a><\/li><li class=\"uagb-tab \" role=\"none\"><a href=\"#uagb-tabs__tab4\" class=\"uagb-tabs-list uagb-tabs__icon-position-left\" data-tab=\"4\" role=\"tab\"><span class=\"uagb-tabs__icon\"><svg width=\"18\" height=\"12\" viewBox=\"0 0 18 12\" xmlns=\"http:\/\/www.w3.org\/2000\/svg\"><path d=\"M0 0H18V2H0V0ZM0 5.00001H18V7.00001H0V5.00001ZM0 10H18V12H0V10Z\"><\/path><\/svg><\/span><div>L\u00e4hetysty\u00f6<\/div><\/a><\/li><\/ul><div class=\"uagb-tabs__body-wrap\">\n<div class=\"wp-block-uagb-tabs-child uagb-tabs__body-container uagb-inner-tab-0\" aria-labelledby=\"uagb-tabs__tab0\">\n<p><mark style=\"background-color:rgba(0, 0, 0, 0);color:#0693e3\" class=\"has-inline-color\"><strong>Sielunhoito<\/strong>:<\/mark><\/p>\n\n\n\n<p class=\"has-small-font-size\"><strong><em>Sirkku Hukkanen, sielunhoitaja:<\/em> <\/strong>041 311 8341<br><a href=\"mailto:sirkku.ojala@gmail.com\" target=\"_blank\" rel=\"noreferrer noopener\">sirkku.ojala@gmail.com<\/a><\/p>\n\n\n\n<p class=\"has-small-font-size\"><strong><em>Pentti Kiiskinen, saattohoitaja:<\/em><\/strong> 044 522 6209<\/p>\n\n\n\n<p><\/p>\n\n\n\n<p><strong><mark style=\"background-color:rgba(0, 0, 0, 0);color:#0693e3\" class=\"has-inline-color\">Diakonia:<\/mark><\/strong><\/p>\n\n\n\n<p><strong>Diakoniap\u00e4ivystys (Hyv\u00e4ll\u00e4 syd\u00e4mell\u00e4 \u2013 apua arkeen -hanke)<br><\/strong><br>Olemme mukana Helluntaikirkon Hyv\u00e4ll\u00e4 syd\u00e4mell\u00e4 \u2013 apua arkeen -hankkeessa. Sen tiimoilta meill\u00e4 on mahdollisuus antaa pient\u00e4 taloudellista apua maksukorttien muodossa.<br><br>Apu on suunnattu ensisijaisesti ty\u00f6tt\u00f6mille v\u00e4h\u00e4varaisille ja heid\u00e4n perheilleen. Tukea annetaan<br>taloudellisen avun lis\u00e4ksi ohjaamalla avuntarvitsijaa oikeanlaisen avun ja palveluiden piiriin.<br><br>V\u00e4lit\u00e4mme apua diakoniap\u00e4ivystyksess\u00e4, johon voi soittaa <strong>ma klo 15-17<\/strong>. Muulloin tekstiviestill\u00e4.<\/p>\n\n\n\n<p>Puh. <strong>046 621 1533<\/strong>.<br><br>Diakonia-avun tapaamiset ajanvarauksella ovat p\u00e4\u00e4asiassa helluntaiseurakunnalla lauantaip\u00e4ivisin, osoitteessa Karjalankatu 22.<br><br>Hyv\u00e4ll\u00e4 syd\u00e4mell\u00e4 \u2013 apua arkeen -hanke on Euroopan Unionin osarahoittama.<\/p>\n\n\n\n<div class=\"wp-block-uagb-image uagb-block-758da3f0 wp-block-uagb-image--layout-default wp-block-uagb-image--effect-static wp-block-uagb-image--align-none\"><figure class=\"wp-block-uagb-image__figure\"><img decoding=\"async\" data-srcset=\"https:\/\/iisalmenhelluntaiseurakunta.fi\/wp-content\/uploads\/2025\/11\/Logo3-1024x215.png ,https:\/\/iisalmenhelluntaiseurakunta.fi\/wp-content\/uploads\/2025\/11\/Logo3.png 780w, https:\/\/iisalmenhelluntaiseurakunta.fi\/wp-content\/uploads\/2025\/11\/Logo3.png 360w\" data-sizes=\"auto, (max-width: 480px) 150px\" data-src=\"https:\/\/iisalmenhelluntaiseurakunta.fi\/wp-content\/uploads\/2025\/11\/Logo3-1024x215.png\" alt=\"\" class=\"uag-image-1889 lazyload\" width=\"558\" height=\"117\" title=\"Logo3\" role=\"img\" src=\"data:image\/svg+xml;base64,PHN2ZyB3aWR0aD0iMSIgaGVpZ2h0PSIxIiB4bWxucz0iaHR0cDovL3d3dy53My5vcmcvMjAwMC9zdmciPjwvc3ZnPg==\" style=\"--smush-placeholder-width: 558px; --smush-placeholder-aspect-ratio: 558\/117;\" \/><\/figure><\/div>\n<\/div>\n\n\n\n<div class=\"wp-block-uagb-tabs-child uagb-tabs__body-container uagb-inner-tab-1\" aria-labelledby=\"uagb-tabs__tab1\">\n<h2 class=\"wp-block-heading has-medium-font-size\"><strong>Lapsity\u00f6<\/strong><\/h2>\n\n\n\n<p class=\"has-small-font-size\"><\/p>\n\n\n\n<p class=\"has-small-font-size\">Lapsity\u00f6 on seurakunnassamme hyvin t\u00e4rke\u00e4ss\u00e4 asemassa. Haluamme tarjota laadukkaita toimintamalleja lapsity\u00f6ss\u00e4. Haluamme olla tukena perheille lasten kasvussa ja kehityksess\u00e4 tarjoamalla kristillist\u00e4 lapsity\u00f6t\u00e4, jossa arvostetaan lapsen ainutlaatuisuutta ja arvokkuutta.<br>Kristillinen l\u00e4mp\u00f6 ja ilo on meid\u00e4n voimavaramme.<\/p>\n\n\n\n<p class=\"has-small-font-size\"><strong>Lapsen usko on riitt\u00e4v\u00e4\u00e4 ja oikeanlaatuista. Jeesus kehotti aikuisiakin uskomaan lapsen tavalla &#8211; luottamalla, kyseenalaistamatta Taivaan Is\u00e4n rakkautta (Matt. 18:3).<\/strong><\/p>\n\n\n\n<p class=\"has-small-font-size\"><strong>Toimintamme seurakunnassa<\/strong> <strong>on kaikille avointa toimintaa.<\/strong> <strong>Olet syd\u00e4mellisesti tervetullut seurakuntamme tilaisuuksiin<\/strong> <strong>ja toimintaan mukaan!<\/strong><\/p>\n\n\n\n<h3 class=\"wp-block-heading has-small-font-size\"><strong>LASTEN VIIKKOTOIMINTA<\/strong><\/h3>\n\n\n\n<p class=\"has-small-font-size\"><strong>Pyh\u00e4koulu:<\/strong><\/p>\n\n\n\n<p class=\"has-small-font-size\">Pyh\u00e4koulu perheen pienimmille lapsille kokoontuu kuukauden ensimm\u00e4isen\u00e4 ja toisena sunnuntaina alakerrassa. Pyh\u00e4koulussa askarrellaan, lauletaan ja opitaan tuntemaan Raamattua pienin askelin.<\/p>\n\n\n\n<p class=\"has-small-font-size\"><strong>Varkkikerho:<\/strong><\/p>\n\n\n\n<p class=\"has-small-font-size\">Toiminnallinen kerho on tarkoitettu 1-6 -luokkalaisille lapsille. Se kokoontuu sunnuntain jumalanpalveluksen yhteydess\u00e4 <span>1-2 kertaa kuukaudessa<\/span>. Varkkikerhossa mm. askarrellaan, pelaillaan, leivotaan ja hiljennyt\u00e4\u00e4n Raamatun sanan \u00e4\u00e4relle.<\/p>\n\n\n\n<p class=\"has-small-font-size\"><strong>Varkkien musiikkikerho:<\/strong><\/p>\n\n\n\n<p class=\"has-small-font-size\">Musiikillinen kerho, joka on tarkoitettu 1-6 -luokkalaisille lapsille.<br>Se kokoontuu parillisilla viikoilla perjantaina klo 16.30-17.30.<\/p>\n\n\n\n<p class=\"has-small-font-size\"><strong>Tietoa meist\u00e4 ja toiminnastamme l\u00f6yd\u00e4t my\u00f6s t\u00e4\u00e4lt\u00e4:<\/strong><\/p>\n\n\n\n<ul class=\"wp-block-list\">\n<li class=\"has-small-font-size\"><em><a href=\"http:\/\/www.instagram.com\/ilmhelsrk_lapset_nuoret\" target=\"_blank\" rel=\"noreferrer noopener\">www.instagram.com\/ilmhelsrk_lapset_nuoret<\/a><\/em><\/li>\n<\/ul>\n\n\n\n<ul class=\"wp-block-list\">\n<li class=\"has-small-font-size\"><em>TikTok: IisalmenHelluntai\/LapsetNuoret<\/em><\/li>\n<\/ul>\n\n\n\n<p class=\"has-small-font-size\"><\/p>\n<\/div>\n\n\n\n<div class=\"wp-block-uagb-tabs-child uagb-tabs__body-container uagb-inner-tab-2\" aria-labelledby=\"uagb-tabs__tab2\">\n<h2 class=\"wp-block-heading has-medium-font-size\"><strong>Nuorisoty\u00f6<\/strong><\/h2>\n\n\n\n<p><\/p>\n\n\n\n<p class=\"has-small-font-size\"><strong><em>Iisalmen ja Sonkaj\u00e4rven helluntaiseurakunnat j\u00e4rjest\u00e4v\u00e4t nuorteniltoja vuoroviikoin.<\/em><\/strong><\/p>\n\n\n\n<p class=\"has-small-font-size\">Nuortenilloissa on kodikas tunnelma. Tule kohtaamaan Herraa, rakentumaan Jumalan Sanan opetuksesta, tapaamaan uusia ja vanhoja kavereita, kuuntelemaan musiikkia, rukoilemaan, pelailemaan ja sy\u00f6m\u00e4\u00e4n iltapalaa.<\/p>\n\n\n\n<p class=\"has-small-font-size\">Kokoonnumme <u>Iisalmen<\/u> helluntaiseurakunnassa <u>parillisilla viikoilla perjantaisin klo 18-21<\/u>.<\/p>\n\n\n\n<p class=\"has-small-font-size\"><strong><em>Sonkaj\u00e4rven nuortenilloista tiedotetaan ajankohtaisesti <a href=\"http:\/\/www.sonkajarvenhelluntaiseurakunta.fi\/\" target=\"_blank\" rel=\"noreferrer noopener\">www.sonkajarvenhelluntaiseurakunta.fi<\/a>.<\/em><\/strong><\/p>\n\n\n\n<p class=\"has-ast-global-color-0-color has-text-color has-link-color has-small-font-size wp-elements-606bbe610c1255e26a52694543883b19\"><\/p>\n\n\n\n<p class=\"has-ast-global-color-0-color has-text-color has-link-color has-small-font-size wp-elements-606bbe610c1255e26a52694543883b19\"><\/p>\n\n\n\n<p class=\"has-ast-global-color-0-color has-text-color has-link-color has-small-font-size wp-elements-606bbe610c1255e26a52694543883b19\"><\/p>\n<\/div>\n\n\n\n<div class=\"wp-block-uagb-tabs-child uagb-tabs__body-container uagb-inner-tab-3\" aria-labelledby=\"uagb-tabs__tab3\">\n<p class=\"has-small-font-size\">Tallennettuja seurakuntamme Jumalanpalveluksia l\u00f6yd\u00e4t Youtubesta, kanavan nimi on &#8221;TOIVO TV Iisalmen helluntaisrk&#8221;.<\/p>\n\n\n\n<p class=\"has-small-font-size\">Olemme my\u00f6s <a href=\"https:\/\/www.facebook.com\/IisalmenHelluntaiseurakunta\/\"><mark style=\"background-color:rgba(0, 0, 0, 0)\" class=\"has-inline-color has-ast-global-color-0-color\">Facebookissa<\/mark><\/a>:  <em><a href=\"http:\/\/www.facebook.com\/Iisalmenhelluntaiseurakunta\" target=\"_blank\" rel=\"noreferrer noopener\">www.facebook.com\/Iisalmenhelluntaiseurakunta<\/a><\/em> <\/p>\n\n\n\n<p class=\"has-small-font-size\"><\/p>\n\n\n\n<p class=\"has-small-font-size\"><\/p>\n\n\n\n<p><\/p>\n<\/div>\n\n\n\n<div class=\"wp-block-uagb-tabs-child uagb-tabs__body-container uagb-inner-tab-4\" aria-labelledby=\"uagb-tabs__tab4\">\n<h2 class=\"wp-block-heading has-medium-font-size\"><strong>L\u00e4hetysty\u00f6<\/strong><\/h2>\n\n\n\n<p class=\"has-small-font-size\">Seurakuntamme toteuttaa Jeesuksen antamaa l\u00e4hetysk\u00e4sky\u00e4: \u201dMenk\u00e4\u00e4 kaikkeen maailmaan ja saarnatkaa evankeliumia kaikille luoduille\u201d.<br>Iisalmen helluntaiseurakunnan l\u00e4hetyskohteina ovat Pakistan ja Ven\u00e4j\u00e4 (Kes\u00e4joki).<\/p>\n\n\n\n<p class=\"has-small-font-size\">Iisalmen helluntaiseurakunta tukee Global Mission Ministry -l\u00e4hetysj\u00e4rjest\u00f6n toimintaa, jonka l\u00e4hetyspastorina toimii Charles Shaheen.<\/p>\n\n\n\n<figure class=\"wp-block-image size-full\"><img decoding=\"async\" width=\"300\" height=\"200\" data-src=\"https:\/\/iisalmenhelluntaiseurakunta.fi\/wp-content\/uploads\/2024\/01\/Charles-small-300x200-2.jpg\" alt=\"\" class=\"wp-image-1333 lazyload\" src=\"data:image\/svg+xml;base64,PHN2ZyB3aWR0aD0iMSIgaGVpZ2h0PSIxIiB4bWxucz0iaHR0cDovL3d3dy53My5vcmcvMjAwMC9zdmciPjwvc3ZnPg==\" style=\"--smush-placeholder-width: 300px; --smush-placeholder-aspect-ratio: 300\/200;\" \/><\/figure>\n\n\n\n<p class=\"has-small-font-size\">Global Mission Ministries<br>on kansainv\u00e4linen evankeliointi- ja l\u00e4hetysty\u00f6j\u00e4rjest\u00f6.<br>T\u00e4m\u00e4n j\u00e4rjest\u00f6n tarkoituksena on saarnata Jeesuksen Kristuksen evankeliumia, opettaa ja kouluttaa paikallisia sek\u00e4 auttaa h\u00e4d\u00e4ss\u00e4 olevia ihmisi\u00e4.<\/p>\n\n\n\n<p class=\"has-small-font-size\"><\/p>\n<\/div>\n<\/div><\/div>\n\n\n\n<p><\/p>\n","protected":false},"excerpt":{"rendered":"","protected":false},"author":4,"featured_media":0,"parent":0,"menu_order":0,"comment_status":"closed","ping_status":"closed","template":"","meta":{"_uag_custom_page_level_css":"","site-sidebar-layout":"default","site-content-layout":"","ast-site-content-layout":"default","site-content-style":"default","site-sidebar-style":"default","ast-global-header-display":"","ast-banner-title-visibility":"","ast-main-header-display":"","ast-hfb-above-header-display":"","ast-hfb-below-header-display":"","ast-hfb-mobile-header-display":"","site-post-title":"","ast-breadcrumbs-content":"","ast-featured-img":"","footer-sml-layout":"","ast-disable-related-posts":"","theme-transparent-header-meta":"","adv-header-id-meta":"","stick-header-meta":"","header-above-stick-meta":"","header-main-stick-meta":"","header-below-stick-meta":"","astra-migrate-meta-layouts":"set","ast-page-background-enabled":"default","ast-page-background-meta":{"desktop":{"background-color":"","background-image":"","background-repeat":"repeat","background-position":"center center","background-size":"auto","background-attachment":"scroll","background-type":"","background-media":"","overlay-type":"","overlay-color":"","overlay-opacity":"","overlay-gradient":""},"tablet":{"background-color":"","background-image":"","background-repeat":"repeat","background-position":"center center","background-size":"auto","background-attachment":"scroll","background-type":"","background-media":"","overlay-type":"","overlay-color":"","overlay-opacity":"","overlay-gradient":""},"mobile":{"background-color":"","background-image":"","background-repeat":"repeat","background-position":"center center","background-size":"auto","background-attachment":"scroll","background-type":"","background-media":"","overlay-type":"","overlay-color":"","overlay-opacity":"","overlay-gradient":""}},"ast-content-background-meta":{"desktop":{"background-color":"var(--ast-global-color-5)","background-image":"","background-repeat":"repeat","background-position":"center center","background-size":"auto","background-attachment":"scroll","background-type":"","background-media":"","overlay-type":"","overlay-color":"","overlay-opacity":"","overlay-gradient":""},"tablet":{"background-color":"var(--ast-global-color-5)","background-image":"","background-repeat":"repeat","background-position":"center center","background-size":"auto","background-attachment":"scroll","background-type":"","background-media":"","overlay-type":"","overlay-color":"","overlay-opacity":"","overlay-gradient":""},"mobile":{"background-color":"var(--ast-global-color-5)","background-image":"","background-repeat":"repeat","background-position":"center center","background-size":"auto","background-attachment":"scroll","background-type":"","background-media":"","overlay-type":"","overlay-color":"","overlay-opacity":"","overlay-gradient":""}},"footnotes":""},"class_list":["post-970","page","type-page","status-publish","hentry"],"uagb_featured_image_src":{"full":false,"thumbnail":false,"medium":false,"medium_large":false,"large":false,"1536x1536":false,"2048x2048":false},"uagb_author_info":{"display_name":"Yll\u00e4pito","author_link":"https:\/\/iisalmenhelluntaiseurakunta.fi\/index.php\/author\/ihsadmin\/"},"uagb_comment_info":0,"uagb_excerpt":null,"_links":{"self":[{"href":"https:\/\/iisalmenhelluntaiseurakunta.fi\/index.php\/wp-json\/wp\/v2\/pages\/970","targetHints":{"allow":["GET"]}}],"collection":[{"href":"https:\/\/iisalmenhelluntaiseurakunta.fi\/index.php\/wp-json\/wp\/v2\/pages"}],"about":[{"href":"https:\/\/iisalmenhelluntaiseurakunta.fi\/index.php\/wp-json\/wp\/v2\/types\/page"}],"author":[{"embeddable":true,"href":"https:\/\/iisalmenhelluntaiseurakunta.fi\/index.php\/wp-json\/wp\/v2\/users\/4"}],"replies":[{"embeddable":true,"href":"https:\/\/iisalmenhelluntaiseurakunta.fi\/index.php\/wp-json\/wp\/v2\/comments?post=970"}],"version-history":[{"count":71,"href":"https:\/\/iisalmenhelluntaiseurakunta.fi\/index.php\/wp-json\/wp\/v2\/pages\/970\/revisions"}],"predecessor-version":[{"id":1979,"href":"https:\/\/iisalmenhelluntaiseurakunta.fi\/index.php\/wp-json\/wp\/v2\/pages\/970\/revisions\/1979"}],"wp:attachment":[{"href":"https:\/\/iisalmenhelluntaiseurakunta.fi\/index.php\/wp-json\/wp\/v2\/media?parent=970"}],"curies":[{"name":"wp","href":"https:\/\/api.w.org\/{rel}","templated":true}]}}